{"id":16,"date":"2018-10-28T15:17:54","date_gmt":"2018-10-28T15:17:54","guid":{"rendered":"http:\/\/spica.org.uk\/?page_id=16"},"modified":"2025-04-04T15:40:54","modified_gmt":"2025-04-04T15:40:54","slug":"the-archive-will-be-here","status":"publish","type":"page","link":"http:\/\/spica.org.uk\/index.php\/the-archive-will-be-here\/","title":{"rendered":"Archive"},"content":{"rendered":"\n<p><em>PDFs of previously published articles are available for download on this page.<\/em><\/p>\n\n\n\n<hr class=\"wp-block-separator has-text-color has-dark-purple-color has-alpha-channel-opacity has-dark-purple-background-color has-background is-style-wide\"\/>\n\n\n\n<p class=\"has-text-color has-link-color has-medium-font-size wp-elements-d3f95b70c591488acce9a482a124f197\" style=\"color:#5656b0\">Volume 7.1<\/p>\n\n\n\n<p style=\"font-size:16px\"><a href=\"http:\/\/spica.org.uk\/wp-content\/uploads\/2025\/03\/Saturn-as-a-Malefic-Planet.pdf\">Saturn as a Malefic Planet: A Research Note<\/a><a href=\"http:\/\/spica.org.uk\/index.php\/2019\/02\/01\/saturn-as-a-malefic-planet-a-research-note\/\"> <\/a> <em>Stavroula Konstantopoul<\/em><strong><em>ou\u00a0<\/em><\/strong><\/p>\n\n\n\n<p class=\"has-text-align-left\" style=\"font-size:16px\"><a href=\"http:\/\/spica.org.uk\/wp-content\/uploads\/2025\/03\/Experiencing-the-Goan-Skies_compressed.pdf\">Experiencing the Goan Skies <\/a><a href=\"http:\/\/spica.org.uk\/index.php\/contributors\/#nk\"> <\/a><em>Nomita Khatri<\/em><br><\/p>\n\n\n\n<p class=\"has-text-align-left\" style=\"font-size:16px\"><a href=\"http:\/\/spica.org.uk\/wp-content\/uploads\/2025\/03\/The-Turtle_compressed.pdf\">The Turtle, The Peccary, and the Two-Headed Serpent: Comparison of  Maya Zodiac Constellations in the Paris Codex and the Murals of Bonampak <\/a><em>Chris Layser<\/em><\/p>\n\n\n\n<p class=\"has-text-color has-link-color has-medium-font-size wp-elements-1c8e34c610f8862ec5061aa1e0cdbeba\" style=\"color:#5656b0\">Volume 6.1<\/p>\n\n\n\n<p style=\"font-size:16px\"><a href=\"http:\/\/spica.org.uk\/wp-content\/uploads\/2025\/03\/The-treatment-of-the-Moon-compared-in-three-astrological-primary-sources-by-Selina-White_compressed.pdf\">A critical review of the treatment of the Moon in Plutarch&#8217;s <em>Concerning the Face Which Appears in the Orb of the Moon<\/em>, Helena Petrovna Blavatsky&#8217;s <em>The Secret Doctrine<\/em> and Heinrich Cornelius Agrippa&#8217;s <em>Three Books of Occult Philosophy<\/em><\/a><em>. Selena White<\/em><\/p>\n\n\n\n<p style=\"font-size:16px\"><a href=\"http:\/\/spica.org.uk\/wp-content\/uploads\/2025\/03\/Sky-and-water-in-Minnesota-A-sky-journal-by-Jessica-Heim_compressed.pdf\">Sky and Water in Minnesota: A sky journal research report<\/a> <strong><em> <\/em><\/strong><em>Jessica Heim<\/em><\/p>\n\n\n\n<p style=\"font-size:16px\"><a href=\"http:\/\/spica.org.uk\/wp-content\/uploads\/2025\/03\/Can-theurgy-be-considered-as-a-form-of-magic-by-Elisabetta-Castelli.pdf\">Can theurgy be considered a form of magic?<\/a> <em><strong> <\/strong>Elisabetta Castelli<\/em><\/p>\n\n\n\n<p class=\"has-text-color has-link-color has-medium-font-size wp-elements-36f8c4fd4a47a7632ab8e61136d23b42\" style=\"color:#5656b0\">Volume 5.2<\/p>\n\n\n\n<p style=\"font-size:16px\"><a href=\"http:\/\/spica.org.uk\/wp-content\/uploads\/2025\/03\/The-night-sky-in-the-lives-of-amateur-and-professional-astronomers-by-Jessica-Heim_compressed.pdf\">The night sky in the lives of amateur and professional astronomers<\/a> <em>Jessica Heim<\/em><\/p>\n\n\n\n<p style=\"font-size:16px\"><a href=\"http:\/\/spica.org.uk\/wp-content\/uploads\/2025\/03\/Moon-meets-Sun-and-Sun-meets-Moon-by-Nicole-Montag-Keller_compressed.pdf\">Moon meets Sun and Sun meets Moon: A sky journal research report<\/a>&nbsp; <em>Nicole Montag-Keller<\/em><\/p>\n\n\n\n<p class=\"has-text-align-left\" style=\"font-size:16px\"><a href=\"http:\/\/spica.org.uk\/wp-content\/uploads\/2025\/03\/Exploring-personal-cosmologies-by-Christopher-Layser_compressed.pdf\">Exploring personal cosmologies: A qualitative investigation into cosmogony, astrology, and perceptions of the universe<\/a> <em> Chris Layser<\/em><\/p>\n\n\n\n<p class=\"has-text-color has-link-color has-medium-font-size wp-elements-480d3083488e3309ef3eef56ae5089e5\" style=\"color:#5656b0\">Volume 5.1<\/p>\n\n\n\n<p><a href=\"http:\/\/spica.org.uk\/wp-content\/uploads\/2025\/03\/Are-the-standing-stones-of-south-west-Meirionnydd-intentionally-aligned-with-celestial-significance-by-Ingrid-ODonnell_compressed.pdf\">Is it possible to demonstrate that some of the standing stones of south-west Meirionnydd are positioned on long distance intentional alignments of celestial significance?<\/a> <em>Ingrid O\u2019Donnell<\/em><\/p>\n\n\n\n<p><a href=\"http:\/\/spica.org.uk\/wp-content\/uploads\/2025\/03\/Comparing-the-polemics-against-astrology-of-the-early-Christian-apologists-and-contemporary-Salafis-by-George-Richards.pdf\">A comparison of the polemics against astrology of the early Christian apologists and contemporary Salafis.<\/a> <em>George Richards<\/em><\/p>\n\n\n\n<p><a href=\"http:\/\/spica.org.uk\/wp-content\/uploads\/2025\/03\/The-astrological-reforms-of-Marsilio-Ficino-and-Johannes-Kepler-by-Jessica-Heim.pdf\">The astrological reforms of Marsilio Ficino and Johannes Kepler<\/a>. <em>Jessica Heim<\/em><\/p>\n\n\n\n<p><a href=\"http:\/\/spica.org.uk\/wp-content\/uploads\/2025\/03\/The-Greek-contribution-to-astrology-in-the-20th-and-21st-centuries-by-Alina-Apostol.pdf\">The Greek contribution to astrology in the twentieth and twenty-first centuries<\/a>. <em>Alina Apostol<\/em><\/p>\n\n\n\n<p><a href=\"http:\/\/spica.org.uk\/wp-content\/uploads\/2025\/03\/Two-attempts-to-reform-astrology-Marsilio-Ficino-and-Alan-Leo-by-Keisha-Knight.pdf\">A consideration of two attempts to reform astrology: Marsilio Ficino and Alan Leo<\/a>. <em>Keisha Knight<\/em><\/p>\n\n\n\n<p class=\"has-text-color has-link-color has-medium-font-size wp-elements-6d10021eacf2a6c1c4e6c018e47ff451\" style=\"color:#5656b0\">Volume 4.2<\/p>\n\n\n\n<p><a href=\"http:\/\/spica.org.uk\/wp-content\/uploads\/2025\/03\/Methodology-in-Sacred-Geography-by-Bernadette-Brady_compressed.pdf\">The Sacred Geography papers and their methodologies<\/a>. <em>Bernadette Brady<\/em><\/p>\n\n\n\n<p><a href=\"http:\/\/spica.org.uk\/wp-content\/uploads\/2025\/03\/Sacred-Geography-a-conceptual-work-in-progress-by-Anthony-Thorley_compressed.pdf\">Sacred Geography: a conceptual work in progress<\/a>. <em>Anthony Thorley<\/em><\/p>\n\n\n\n<p><a href=\"http:\/\/spica.org.uk\/wp-content\/uploads\/2025\/03\/Sacred-places-in-Switzerland-as-portals-to-the-spiritual-realm-by-Madeleine-Marchand_compressed.pdf\">Can sacred places of high cosmo-terrestrial energy in Switzerland act as a portals to the spiritual realm? An auto-ethnographic study<\/a>. <em>Madeleine Marchand<\/em><\/p>\n\n\n\n<p><a href=\"http:\/\/spica.org.uk\/wp-content\/uploads\/2025\/03\/Art-installation-at-the-Tower-of-London-contested-space-or-renewal-of-a-landmark-by-Caroline-Ormrod.pdf\">Blood Swept Lands and Seas of Red and The Tower of London: Contested sacred space or renewal of a historical landmark?<\/a> <em>Caroline Ormrod<\/em><\/p>\n\n\n\n<p><a href=\"http:\/\/spica.org.uk\/wp-content\/uploads\/2025\/03\/Art-installations-and-sacred-space-at-the-Tate-Modern-by-Stevi-Gaydon_compressed.pdf\">Can some art installations be considered to generate sacred place? Three installations in the Turbine Hall at Tate Modern<\/a>. <em>Stevi Gaydon<\/em><\/p>\n\n\n\n<p><a href=\"http:\/\/spica.org.uk\/wp-content\/uploads\/2025\/03\/Does-sacred-space-influence-the-experience-of-meditation-by-Anya-Marco.pdf\">If sacred space is a human construct, does the power of a sacred space influence an individual\u2019s experience of meditation compared with other mundane spaces?<\/a><em>Anya Marco<\/em><\/p>\n\n\n\n<p>I<a href=\"http:\/\/spica.org.uk\/wp-content\/uploads\/2025\/03\/Is-the-Skirrid-Mountain-in-Wales-sacred-by-Natalie-Niblet.pdf\">s the Skirrid Mountain sacred? An exploration of myth in Welsh landscape<\/a>. <em>Natalie Niblett<\/em><\/p>\n\n\n\n<p><a href=\"http:\/\/spica.org.uk\/wp-content\/uploads\/2025\/03\/Science-and-Scripture-by-Mai-Lootah_compressed.pdf\">Science and scripture: How did faith influence cartographic methods used to determine the qibla, the sacred direction of Islam?<\/a> <em>Mai Lootah<\/em><\/p>\n\n\n\n<p><a href=\"http:\/\/spica.org.uk\/wp-content\/uploads\/2025\/03\/Using-phenomenological-fieldwork-to-understand-the-role-of-sacred-caves-in-Maya-cosmology-by-Christopher-Layser_compressed.pdf\">Can phenomenological fieldwork yield a richer understanding of the role of sacred caves in ancient Maya cosmology?<\/a> <em>Christopher Layser<\/em><\/p>\n\n\n\n<p class=\"has-text-color has-link-color has-medium-font-size wp-elements-406edfd1e058951108095a4c10d469e4\" style=\"color:#5656b0\">Volume 4.1<\/p>\n\n\n\n<p><a href=\"http:\/\/spica.org.uk\/wp-content\/uploads\/2025\/03\/Is-the-Western-Wall-an-Eliadean-axis-mundi-by-David-Rubin.pdf\">Is the Western Wall an Eliadean axis mundi? &#8211; An exploration into contemporary Jewish pilgrimage in Jerusalem<\/a>. <em>David Rubin<\/em><\/p>\n\n\n\n<p><a href=\"http:\/\/spica.org.uk\/wp-content\/uploads\/2025\/03\/Christians-and-the-Sky-by-Kevin-Marley_compressed.pdf\">Christians and the Sky<\/a>. <em>Kevin Marley<\/em><\/p>\n\n\n\n<p><a href=\"http:\/\/spica.org.uk\/wp-content\/uploads\/2025\/03\/The-role-of-folkloric-pre-Islamic-anwa-in-Islamic-Arabia-by-Mai-Lootah-_compressed.pdf\">The role of folkloric pre-Islamic anw\u0101\u2019 in Islamic Arabia<\/a>. <em>Mai Lootah<\/em><\/p>\n\n\n\n<p><a href=\"http:\/\/spica.org.uk\/wp-content\/uploads\/2025\/03\/Western-astrology-and-the-question-of-predestination-by-LeeAnn-Curtis_compressed.pdf\">Predestination and negotiation in Western astrology<\/a>. <em>LeeAnn Curtis<\/em><\/p>\n\n\n\n<p class=\"has-text-color has-link-color has-medium-font-size wp-elements-fb477d02fa637286c82a5c13d3c2f36b\" style=\"color:#5656b0\">Volume 3.2<\/p>\n\n\n\n<p><a href=\"http:\/\/spica.org.uk\/wp-content\/uploads\/2025\/03\/The-evolution-of-Mars-how-astrologers-views-have-changed-by-Akindynos-Kaniamos.pdf\">Review of three source documents on the astrological planet Mars<\/a>. <em>Akindynos Kaniamos<\/em><\/p>\n\n\n\n<p><a href=\"http:\/\/spica.org.uk\/wp-content\/uploads\/2025\/03\/The-star-Sirius-by-Mai-Lootah.pdf\">A comparison and contrast of the treatment of the star Sirius by three authors: Claudius Ptolemy in&nbsp;<em>Tetrabiblos<\/em>, ibn-Quta\u012bba D\u012bnawar\u012b in&nbsp;<em>Al-Anw\u0101\u2019 fi Maw\u0101sim al-\u2018Arab<\/em>, and Bernadette Brady in&nbsp;<em>Brady\u2019s Book of<\/em> <em>Fixed Stars<\/em><\/a>. <em>Mai Lootah<\/em><\/p>\n\n\n\n<p><a href=\"http:\/\/spica.org.uk\/wp-content\/uploads\/2025\/03\/Walking-the-Abingdon-labyrinth-as-a-form-of-divination-by-Kathy-Greethurst.pdf\">Can a labyrinth walking be used for divination? A phenomenological study of walking the Abingdon Labyrinth.<\/a> <em>Kathy Greethurst<\/em><\/p>\n\n\n\n<p><a href=\"http:\/\/spica.org.uk\/wp-content\/uploads\/2025\/03\/The-Kumik-in-a-SKyscraper-in-Quebec-a-sacred-space-by-Judy-Jibb.pdf\">Is the Kumik in a skyscraper at Terrasses de la Chaudi\u00e8re in Hull, Qu\u00e8bec a sacred space?<\/a> <em>Judy Jibb<\/em><\/p>\n\n\n\n<p class=\"has-text-color has-link-color has-medium-font-size wp-elements-663d1395659ef2ff926497273b3309da\" style=\"color:#5656b0\">Volume 3.1<\/p>\n\n\n\n<p><a href=\"http:\/\/spica.org.uk\/wp-content\/uploads\/2025\/03\/Can-sacred-space-change-perception-of-time-by-Ilaria-Cristofaro.pdf\">Can sacred space change perception of time<\/a>. Ilaria Cristafaro<\/p>\n\n\n\n<p><a href=\"http:\/\/spica.org.uk\/wp-content\/uploads\/2025\/03\/Development-of-psychology-in-Western-astrology-by-Lucie-Provaznikova_compressed.pdf\">Development of Psychology in Western Astrology: A Critical Review of Three Sources<\/a>. <em>Lucie Provaznikova<\/em><\/p>\n\n\n\n<p>I<a href=\"http:\/\/spica.org.uk\/wp-content\/uploads\/2025\/03\/Exploring-the-liminality-of-the-littoral-by-Grace-Cassar_compressed.pdf\">s the seashore an opening into the sacred? Exploring liminality of the littoral<\/a>. <em>Grace Cassar<\/em><\/p>\n\n\n\n<p><a href=\"http:\/\/spica.org.uk\/wp-content\/uploads\/2025\/03\/Magdalenenberg-interpreting-a-Hallstatt-period-burial-mound-by-Melanie-Sticker-Jantscheff_compressed.pdf\">Magdalenenberg: an examination of archaeological and archaeoastronomical interpretations of a Hallstatt period burial mound<\/a>. <em>Melanie Sticker-Jantscheff<\/em><\/p>\n\n\n\n<p class=\"has-text-color has-link-color has-medium-font-size wp-elements-81575dd33ded14024e5fd6fbac66d436\" style=\"color:#5656b0\">Volume 2.2<\/p>\n\n\n\n<p><a href=\"http:\/\/spica.org.uk\/wp-content\/uploads\/2025\/03\/A-critical-biography-of-Dane-Rudhyar-by-Sanaa-Tanha_compressed.pdf\">A critical biography of Dane Rudhyar<\/a>. <em>Sanaa Tanha<\/em><\/p>\n\n\n\n<p><a href=\"http:\/\/spica.org.uk\/wp-content\/uploads\/2025\/03\/Reviewed-Stonehenge-by-Pam-Armstrong_compressed.pdf\">Review: <em>Stonehenge<\/em> by  Mike Parker Pearson<\/a>. <em>Pam Armstrong<\/em><\/p>\n\n\n\n<p><a href=\"http:\/\/spica.org.uk\/wp-content\/uploads\/2025\/03\/The-sky-journal-as-a-representation-of-the-world-by-Mara-Steenhuisen-Siemonsma_compressed.pdf\">The sky journal as a representation of the world<\/a>. <em>Mara Steenhuisen-Siemonsma<\/em><\/p>\n\n\n\n<p><a href=\"http:\/\/spica.org.uk\/wp-content\/uploads\/2025\/03\/Traditional-Xhosa-cosmology-and-contested-space-by-Rod-Suskin_compressed.pdf\">Dramatised and Real Xhosa Ritual in a Contested Urban Theatrical Space<\/a>. <em>Rod Suskin<\/em><\/p>\n\n\n\n<p><a href=\"http:\/\/spica.org.uk\/wp-content\/uploads\/2025\/03\/What-Japanese-astrologers-think-about-astrology-by-Sean-Thornton_compressed.pdf\">What do Japanese astrologers believe about the astrology that they practice?<\/a> <em>Sean Thornton<\/em><\/p>\n\n\n\n<p><\/p>\n\n\n\n<p class=\"has-text-color has-link-color has-medium-font-size wp-elements-e33141c7695152eaffddb35c72c13b65\" style=\"color:#5656b0\">Volume 2.1<\/p>\n\n\n\n<p><a href=\"http:\/\/spica.org.uk\/wp-content\/uploads\/2025\/01\/Cosmological-beliefs-of-Galacian-farmers-by-Benito-Vilas-Estevez2.pdf\">Cosmological beliefs of Galacian farmers<\/a>  <em>Benito Villas Estevez<\/em><\/p>\n\n\n\n<p><a href=\"http:\/\/spica.org.uk\/wp-content\/uploads\/2025\/03\/The-meaning-of-clouds-by-Ada-Blair_compressed-2.pdf\">The meaning of Clouds<\/a>:<a href=\"http:\/\/spica.org.uk\/wp-content\/uploads\/2025\/03\/The-meaning-of-clouds-by-Ada-Blair_compressed-2.pdf\"> A phenomenological study<\/a>. <em>Ada Blair<\/em><\/p>\n\n\n\n<p><a href=\"http:\/\/spica.org.uk\/wp-content\/uploads\/2025\/03\/Experiencing-the-summer-sky-Amsterdam-by-Elizabeth-Hathway_compressed-2.pdf\">Experiencing the summer sky in Amsterdam<\/a>. <em>Elizabeth Hathway<\/em><\/p>\n\n\n\n<p><a href=\"http:\/\/spica.org.uk\/wp-content\/uploads\/2025\/03\/Exploring-the-mythology-of-Pluto-by-Sanaa-Tanha_compressed-2.pdf\">Pluto, Lord of the Underworld: An analysis<\/a>. <em>Sanaa Tanha<\/em><\/p>\n\n\n\n<p><a href=\"http:\/\/spica.org.uk\/wp-content\/uploads\/2025\/03\/Reviewed-The-Value-of-Astrology-by-Anna-Estaroth_compressed.pdf\">Review: <em>The Value of Astrology<\/em> by Andr\u00e9 Barbault<\/a>. <em>Anna Estaroth<\/em><\/p>\n\n\n\n<p class=\"has-text-color has-link-color has-medium-font-size wp-elements-6dbbcf4d1bf63f60bbf4a0d8fefbe756\" style=\"color:#5656b0\">Volume 1.2<\/p>\n\n\n\n<p><a href=\"http:\/\/spica.org.uk\/wp-content\/uploads\/2025\/02\/Astronomers-and-astrophysists-on-non-scientific-cosmologies-by-Melanie-Sticker-Jantscheff.pdf\">Astronomers and astrophysists on non-scientific cosmologies<\/a>. <em>Melanie Sticker-Jantscheff<\/em><\/p>\n\n\n\n<p><a href=\"http:\/\/spica.org.uk\/wp-content\/uploads\/2025\/02\/Great-cycles-the-conjunction-of-1345-and-the-black-death-by-Chris-Mitchell.pdf\">Great cycles: the conjunction of 1345 and the black death<\/a>. <em>Chris Mitchell<\/em><\/p>\n\n\n\n<p><a href=\"http:\/\/spica.org.uk\/wp-content\/uploads\/2025\/02\/The-Sky-Path-tourist-route-as-sacred-space-by-Reinhard-Mussik.pdf\">The Sky Path tourist route as sacred space<\/a>. <em>Reinhard Mussik<\/em><\/p>\n\n\n\n<p><a href=\"http:\/\/spica.org.uk\/wp-content\/uploads\/2025\/02\/The-contemporary-home-imago-mundi-by-Petra-du-Preez-Spaun.pdf\">The contemporary home as imago mundi<\/a>. <em>Petra du Preez-Spaun<\/em><\/p>\n\n\n\n<p><a href=\"http:\/\/spica.org.uk\/wp-content\/uploads\/2025\/03\/Reviewed-Defining-Magic-by-Claire-Chandler.pdf\">Review: &#8220;Defining Magic&#8221; by B. Otto and Michael Stausberg (eds.)<\/a>. <em>Claire Chandler<\/em><\/p>\n\n\n\n<p class=\"has-text-color has-link-color has-medium-font-size wp-elements-19aa6ae4c4f7d2743fb056cb7a961fc9\" style=\"color:#5656b0\">Volume 1.1<\/p>\n\n\n\n<p><a href=\"http:\/\/spica.org.uk\/wp-content\/uploads\/2025\/02\/Vol-1-1-Astrological-readings-and-divine-guidance-by-Marcia-Butchart_compressed.pdf\">Astrological readings and divine guidance<\/a>. <em>Marcia Buchard<\/em><\/p>\n\n\n\n<p><a href=\"http:\/\/spica.org.uk\/wp-content\/uploads\/2025\/02\/Vol-1-1-How-counsellors-deal-with-astrological-beliefs-by-Ada-Blair_compressed.pdf\">How counsellors deal with astrological beliefs<\/a>. <em>Ada Blair<\/em><\/p>\n\n\n\n<p><a href=\"http:\/\/spica.org.uk\/wp-content\/uploads\/2025\/02\/Vol-1-1-Superstitions-about-celestial-phenomena-by-Rod-Suskin_compressed.pdf\">Superstitions about celestial phenomena and their perceived effect on luck<\/a>. <em>Rod Suskin<\/em><\/p>\n\n\n\n<p><a href=\"http:\/\/spica.org.uk\/wp-content\/uploads\/2025\/03\/Vol-1-1-Review-Deciphering-the-Cosmic-Number-by-Richard-Harris_compressed-2.pdf\">Review: <em>Deciphering the Cosmic Number<\/em> by Arthur I Miller<\/a>. <em>Richard Harris<\/em><\/p>\n\n\n\n<p><\/p>\n","protected":false},"excerpt":{"rendered":"<p>PDFs of previously published articles are available for download on this page. Volume 7.1 Saturn as a Malefic Planet: A Research Note Stavroula Konstantopoulou\u00a0 Experiencing the Goan Skies Nomita Khatri The Turtle, The Peccary, and the Two-Headed Serpent: Comparison of Maya Zodiac Constellations in the Paris Codex and the Murals of Bonampak Chris Layser Volume &hellip; <a href=\"http:\/\/spica.org.uk\/index.php\/the-archive-will-be-here\/\" class=\"more-link\">Continue reading <span class=\"screen-reader-text\">Archive<\/span><\/a><\/p>\n","protected":false},"author":1,"featured_media":632,"parent":0,"menu_order":0,"comment_status":"closed","ping_status":"closed","template":"","meta":{"_themeisle_gutenberg_block_has_review":false,"footnotes":""},"class_list":["post-16","page","type-page","status-publish","has-post-thumbnail","hentry"],"_links":{"self":[{"href":"http:\/\/spica.org.uk\/index.php\/wp-json\/wp\/v2\/pages\/16","targetHints":{"allow":["GET"]}}],"collection":[{"href":"http:\/\/spica.org.uk\/index.php\/wp-json\/wp\/v2\/pages"}],"about":[{"href":"http:\/\/spica.org.uk\/index.php\/wp-json\/wp\/v2\/types\/page"}],"author":[{"embeddable":true,"href":"http:\/\/spica.org.uk\/index.php\/wp-json\/wp\/v2\/users\/1"}],"replies":[{"embeddable":true,"href":"http:\/\/spica.org.uk\/index.php\/wp-json\/wp\/v2\/comments?post=16"}],"version-history":[{"count":21,"href":"http:\/\/spica.org.uk\/index.php\/wp-json\/wp\/v2\/pages\/16\/revisions"}],"predecessor-version":[{"id":621,"href":"http:\/\/spica.org.uk\/index.php\/wp-json\/wp\/v2\/pages\/16\/revisions\/621"}],"wp:featuredmedia":[{"embeddable":true,"href":"http:\/\/spica.org.uk\/index.php\/wp-json\/wp\/v2\/media\/632"}],"wp:attachment":[{"href":"http:\/\/spica.org.uk\/index.php\/wp-json\/wp\/v2\/media?parent=16"}],"curies":[{"name":"wp","href":"https:\/\/api.w.org\/{rel}","templated":true}]}}